{"id":14716,"date":"2026-01-08T15:58:30","date_gmt":"2026-01-08T14:58:30","guid":{"rendered":"https:\/\/alfanautica.es\/?page_id=14716"},"modified":"2026-01-13T15:49:05","modified_gmt":"2026-01-13T14:49:05","slug":"buscador","status":"publish","type":"page","link":"https:\/\/alfanautica.es\/en\/buscador\/","title":{"rendered":"Buscador"},"content":{"rendered":"<div data-elementor-type=\"wp-page\" data-elementor-id=\"14716\" class=\"elementor elementor-14716\" data-elementor-post-type=\"page\">\n\t\t\t\t<div class=\"elementor-element elementor-element-68f99ee e-flex e-con-boxed e-con e-parent\" data-id=\"68f99ee\" data-element_type=\"container\">\n\t\t\t\t\t<div class=\"e-con-inner\">\n\t\t<div class=\"elementor-element elementor-element-537eab8 e-flex e-con-boxed e-con e-child\" data-id=\"537eab8\" data-element_type=\"container\">\n\t\t\t\t\t<div class=\"e-con-inner\">\n\t\t\t\t<div class=\"elementor-element elementor-element-a67cc09 elementor-widget elementor-widget-heading\" data-id=\"a67cc09\" data-element_type=\"widget\" data-widget_type=\"heading.default\">\n\t\t\t\t<div class=\"elementor-widget-container\">\n\t\t\t\t\t<h6 class=\"elementor-heading-title elementor-size-default\">EXPERIENCE THE THRILL OF THE MEDITERRANEAN!<\/h6>\t\t\t\t<\/div>\n\t\t\t\t<\/div>\n\t\t\t\t<div class=\"elementor-element elementor-element-57262ed elementor-widget elementor-widget-heading\" data-id=\"57262ed\" data-element_type=\"widget\" data-widget_type=\"heading.default\">\n\t\t\t\t<div class=\"elementor-widget-container\">\n\t\t\t\t\t<h1 class=\"elementor-heading-title elementor-size-default\">Your Next Adventure on the Water Starts Here<\/h1>\t\t\t\t<\/div>\n\t\t\t\t<\/div>\n\t\t\t\t<div class=\"elementor-element elementor-element-5fae382 elementor-widget elementor-widget-shortcode\" data-id=\"5fae382\" data-element_type=\"widget\" data-widget_type=\"shortcode.default\">\n\t\t\t\t<div class=\"elementor-widget-container\">\n\t\t\t\t\t\t\t<div class=\"elementor-shortcode\"><!-- MISTERPLAN PLUGIN 1.1.44-->\n<!-- MISTERPLAN PLUGIN MOTOR TIPO 3 DESTINO 5579 PV 8201-->\n<div class=\"MrPlanPlugin_BuscadorContainer\">\n        <div class=\"MrPlanPlugin_Buscador\" id=\"MrPlanPlugin_Buscador\">\n        <div id=\"TSh_TSearch_ParentDiv_5579_8201\" class=\"MrPlanPlugin_Buscador_Capa TTaq_texto_base\" capamapa=\"SEn_Mapa_capaPadre_5579_8201\">\n            <script nowprocket id=\"TSh_parent_script_5579_8201\" name=\"TSh_parent_script_5579_8201\" src=\"https:\/\/mrplan.io\/scr\/modulos\/TSearch\/lib\/TSearchInc.php?\nWdgControl=TSh_parent_script_5579_8201\n&id_punto_venta=8201\n&id_operador=5579\n&id_oficina=undefined\n&id_idioma=0\n&capa_search=TSh_TSearch_ParentDiv_5579_8201\n&capa_resultados=TSh_TSearch_ResultsDiv_5579_8201\n&autoSearch=0\n&v_results=2\n&modo_widget=2\n&v_form=5\n&tipo_buscador=2\n&disableUbicacion=1\n&disableCodAgencia=1\n&no_bootstrap=0\n&TSn_localidad_comarca=8|0\n&filtroDiscountCode=\n&codificacion_results=ISO-8859-1\n&activarSelectorTipo=1        \n&TEwsScrollToResults=1\n&landing_buscador=\n&forzar_landing_ficha=https:\/\/alfanautica.es\/en\/buscador\/reservas\/\n&source_plugin=MrPlanPlugin\n&web_plugin=https%3A%2F%2Falfanautica.es%2Fen%2Fbuscador%2F\"><\/script>\n\n            <div class=\"TMrPlanPlugin_Loading\">\n                <img decoding=\"async\" src=\"https:\/\/alfanautica.es\/wp-content\/plugins\/misterplan\/assets\/images\/loading.svg\">\n            <\/div>\n        <\/div>\n    <\/div>\n        <div id=\"SEn_Mapa_capaPadre_5579_8201\" style=\"margin-bottom: 40px; width: 100%; height: 450px; display: none;\">Loading Map ....<\/div>\n<\/div>\n\n\n<div class=\"MrPlanPlugin_BuscadorContainer\">\n        <div class=\"MrPlanPlugin_BuscadorResultados\" style=\"\">    \n        <div id=\"TSh_TSearch_ResultsDiv_5579_8201\" class=\"TTaq_texto_base TSearch_bmd\">\n        <\/div>\n    <\/div>\n    <\/div>\n<\/div>\n\t\t\t\t\t\t<\/div>\n\t\t\t\t<\/div>\n\t\t\t\t\t<\/div>\n\t\t\t\t<\/div>\n\t\t\t\t\t<\/div>\n\t\t\t\t<\/div>\n\t\t\t\t<\/div>","protected":false},"excerpt":{"rendered":"<p>\u00a1VIVE LA EMOCI\u00d3N DEL MEDITERR\u00c1NEO! Tu Pr\u00f3xima Experiencia N\u00e1utica Empieza Aqu\u00ed<\/p>","protected":false},"author":81,"featured_media":0,"parent":0,"menu_order":0,"comment_status":"closed","ping_status":"closed","template":"","meta":{"site-sidebar-layout":"no-sidebar","site-content-layout":"page-builder","ast-site-content-layout":"full-width-container","site-content-style":"unboxed","site-sidebar-style":"unboxed","ast-global-header-display":"","ast-banner-title-visibility":"","ast-main-header-display":"","ast-hfb-above-header-display":"","ast-hfb-below-header-display":"","ast-hfb-mobile-header-display":"","site-post-title":"disabled","ast-breadcrumbs-content":"","ast-featured-img":"disabled","footer-sml-layout":"","theme-transparent-header-meta":"enabled","adv-header-id-meta":"","stick-header-meta":"","header-above-stick-meta":"","header-main-stick-meta":"","header-below-stick-meta":"","astra-migrate-meta-layouts":"set","ast-page-background-enabled":"default","ast-page-background-meta":{"desktop":{"background-color":"","background-image":"","background-repeat":"repeat","background-position":"center center","background-size":"auto","background-attachment":"scroll","background-type":"","background-media":"","overlay-type":"","overlay-color":"","overlay-opacity":"","overlay-gradient":""},"tablet":{"background-color":"","background-image":"","background-repeat":"repeat","background-position":"center center","background-size":"auto","background-attachment":"scroll","background-type":"","background-media":"","overlay-type":"","overlay-color":"","overlay-opacity":"","overlay-gradient":""},"mobile":{"background-color":"","background-image":"","background-repeat":"repeat","background-position":"center center","background-size":"auto","background-attachment":"scroll","background-type":"","background-media":"","overlay-type":"","overlay-color":"","overlay-opacity":"","overlay-gradient":""}},"ast-content-background-meta":{"desktop":{"background-color":"var(--ast-global-color-5)","background-image":"","background-repeat":"repeat","background-position":"center center","background-size":"auto","background-attachment":"scroll","background-type":"","background-media":"","overlay-type":"","overlay-color":"","overlay-opacity":"","overlay-gradient":""},"tablet":{"background-color":"var(--ast-global-color-5)","background-image":"","background-repeat":"repeat","background-position":"center center","background-size":"auto","background-attachment":"scroll","background-type":"","background-media":"","overlay-type":"","overlay-color":"","overlay-opacity":"","overlay-gradient":""},"mobile":{"background-color":"var(--ast-global-color-5)","background-image":"","background-repeat":"repeat","background-position":"center center","background-size":"auto","background-attachment":"scroll","background-type":"","background-media":"","overlay-type":"","overlay-color":"","overlay-opacity":"","overlay-gradient":""}},"_joinchat":[],"footnotes":""},"class_list":["post-14716","page","type-page","status-publish","hentry"],"yoast_head":"<!-- This site is optimized with the Yoast SEO plugin v27.3 - https:\/\/yoast.com\/product\/yoast-seo-wordpress\/ -->\n<title>Buscador - Alfa N\u00e1utica - Escuela N\u00e1utica Valencia<\/title>\n<meta name=\"robots\" content=\"index, follow, max-snippet:-1, max-image-preview:large, max-video-preview:-1\" \/>\n<link rel=\"canonical\" href=\"https:\/\/alfanautica.es\/en\/buscador\/\" \/>\n<meta property=\"og:locale\" content=\"en_GB\" \/>\n<meta property=\"og:type\" content=\"article\" \/>\n<meta property=\"og:title\" content=\"Buscador - Alfa N\u00e1utica - Escuela N\u00e1utica Valencia\" \/>\n<meta property=\"og:description\" content=\"\u00a1VIVE LA EMOCI\u00d3N DEL MEDITERR\u00c1NEO! Tu Pr\u00f3xima Experiencia N\u00e1utica Empieza Aqu\u00ed\" \/>\n<meta property=\"og:url\" content=\"https:\/\/alfanautica.es\/en\/buscador\/\" \/>\n<meta property=\"og:site_name\" content=\"Alfa N\u00e1utica - Escuela N\u00e1utica Valencia\" \/>\n<meta property=\"article:publisher\" content=\"https:\/\/www.facebook.com\/alfanautica.es\" \/>\n<meta property=\"article:modified_time\" content=\"2026-01-13T14:49:05+00:00\" \/>\n<meta name=\"twitter:card\" content=\"summary_large_image\" \/>\n<meta name=\"twitter:label1\" content=\"Estimated reading time\" \/>\n\t<meta name=\"twitter:data1\" content=\"1 minute\" \/>\n<script type=\"application\/ld+json\" class=\"yoast-schema-graph\">{\"@context\":\"https:\\\/\\\/schema.org\",\"@graph\":[{\"@type\":\"WebPage\",\"@id\":\"https:\\\/\\\/alfanautica.es\\\/buscador\\\/\",\"url\":\"https:\\\/\\\/alfanautica.es\\\/buscador\\\/\",\"name\":\"Buscador - Alfa N\u00e1utica - Escuela N\u00e1utica Valencia\",\"isPartOf\":{\"@id\":\"https:\\\/\\\/alfanautica.es\\\/#website\"},\"datePublished\":\"2026-01-08T14:58:30+00:00\",\"dateModified\":\"2026-01-13T14:49:05+00:00\",\"breadcrumb\":{\"@id\":\"https:\\\/\\\/alfanautica.es\\\/buscador\\\/#breadcrumb\"},\"inLanguage\":\"en-GB\",\"potentialAction\":[{\"@type\":\"ReadAction\",\"target\":[\"https:\\\/\\\/alfanautica.es\\\/buscador\\\/\"]}]},{\"@type\":\"BreadcrumbList\",\"@id\":\"https:\\\/\\\/alfanautica.es\\\/buscador\\\/#breadcrumb\",\"itemListElement\":[{\"@type\":\"ListItem\",\"position\":1,\"name\":\"Portada\",\"item\":\"https:\\\/\\\/alfanautica.es\\\/\"},{\"@type\":\"ListItem\",\"position\":2,\"name\":\"Buscador\"}]},{\"@type\":\"WebSite\",\"@id\":\"https:\\\/\\\/alfanautica.es\\\/#website\",\"url\":\"https:\\\/\\\/alfanautica.es\\\/\",\"name\":\"Alfa N\u00e1utica - Escuela N\u00e1utica Valencia\",\"description\":\"\",\"publisher\":{\"@id\":\"https:\\\/\\\/alfanautica.es\\\/#organization\"},\"potentialAction\":[{\"@type\":\"SearchAction\",\"target\":{\"@type\":\"EntryPoint\",\"urlTemplate\":\"https:\\\/\\\/alfanautica.es\\\/?s={search_term_string}\"},\"query-input\":{\"@type\":\"PropertyValueSpecification\",\"valueRequired\":true,\"valueName\":\"search_term_string\"}}],\"inLanguage\":\"en-GB\"},{\"@type\":\"Organization\",\"@id\":\"https:\\\/\\\/alfanautica.es\\\/#organization\",\"name\":\"Alfa N\u00e1utica - Escuela N\u00e1utica Valencia\",\"url\":\"https:\\\/\\\/alfanautica.es\\\/\",\"logo\":{\"@type\":\"ImageObject\",\"inLanguage\":\"en-GB\",\"@id\":\"https:\\\/\\\/alfanautica.es\\\/#\\\/schema\\\/logo\\\/image\\\/\",\"url\":\"https:\\\/\\\/alfanautica.es\\\/wp-content\\\/uploads\\\/2023\\\/07\\\/alfanautica-redes-sociales-bio.jpeg\",\"contentUrl\":\"https:\\\/\\\/alfanautica.es\\\/wp-content\\\/uploads\\\/2023\\\/07\\\/alfanautica-redes-sociales-bio.jpeg\",\"width\":500,\"height\":500,\"caption\":\"Alfa N\u00e1utica - Escuela N\u00e1utica Valencia\"},\"image\":{\"@id\":\"https:\\\/\\\/alfanautica.es\\\/#\\\/schema\\\/logo\\\/image\\\/\"},\"sameAs\":[\"https:\\\/\\\/www.facebook.com\\\/alfanautica.es\",\"https:\\\/\\\/www.instagram.com\\\/alfanautica.oficial\\\/\",\"https:\\\/\\\/www.tiktok.com\\\/@alfanauticavalencia\"]}]}<\/script>\n<!-- \/ Yoast SEO plugin. -->","yoast_head_json":{"title":"Buscador - Alfa N\u00e1utica - Escuela N\u00e1utica Valencia","robots":{"index":"index","follow":"follow","max-snippet":"max-snippet:-1","max-image-preview":"max-image-preview:large","max-video-preview":"max-video-preview:-1"},"canonical":"https:\/\/alfanautica.es\/en\/buscador\/","og_locale":"en_GB","og_type":"article","og_title":"Buscador - Alfa N\u00e1utica - Escuela N\u00e1utica Valencia","og_description":"\u00a1VIVE LA EMOCI\u00d3N DEL MEDITERR\u00c1NEO! Tu Pr\u00f3xima Experiencia N\u00e1utica Empieza Aqu\u00ed","og_url":"https:\/\/alfanautica.es\/en\/buscador\/","og_site_name":"Alfa N\u00e1utica - Escuela N\u00e1utica Valencia","article_publisher":"https:\/\/www.facebook.com\/alfanautica.es","article_modified_time":"2026-01-13T14:49:05+00:00","twitter_card":"summary_large_image","twitter_misc":{"Estimated reading time":"1 minute"},"schema":{"@context":"https:\/\/schema.org","@graph":[{"@type":"WebPage","@id":"https:\/\/alfanautica.es\/buscador\/","url":"https:\/\/alfanautica.es\/buscador\/","name":"Buscador - Alfa N\u00e1utica - Escuela N\u00e1utica Valencia","isPartOf":{"@id":"https:\/\/alfanautica.es\/#website"},"datePublished":"2026-01-08T14:58:30+00:00","dateModified":"2026-01-13T14:49:05+00:00","breadcrumb":{"@id":"https:\/\/alfanautica.es\/buscador\/#breadcrumb"},"inLanguage":"en-GB","potentialAction":[{"@type":"ReadAction","target":["https:\/\/alfanautica.es\/buscador\/"]}]},{"@type":"BreadcrumbList","@id":"https:\/\/alfanautica.es\/buscador\/#breadcrumb","itemListElement":[{"@type":"ListItem","position":1,"name":"Portada","item":"https:\/\/alfanautica.es\/"},{"@type":"ListItem","position":2,"name":"Buscador"}]},{"@type":"WebSite","@id":"https:\/\/alfanautica.es\/#website","url":"https:\/\/alfanautica.es\/","name":"Alfa N\u00e1utica - Escuela N\u00e1utica Valencia","description":"","publisher":{"@id":"https:\/\/alfanautica.es\/#organization"},"potentialAction":[{"@type":"SearchAction","target":{"@type":"EntryPoint","urlTemplate":"https:\/\/alfanautica.es\/?s={search_term_string}"},"query-input":{"@type":"PropertyValueSpecification","valueRequired":true,"valueName":"search_term_string"}}],"inLanguage":"en-GB"},{"@type":"Organization","@id":"https:\/\/alfanautica.es\/#organization","name":"Alfa N\u00e1utica - Escuela N\u00e1utica Valencia","url":"https:\/\/alfanautica.es\/","logo":{"@type":"ImageObject","inLanguage":"en-GB","@id":"https:\/\/alfanautica.es\/#\/schema\/logo\/image\/","url":"https:\/\/alfanautica.es\/wp-content\/uploads\/2023\/07\/alfanautica-redes-sociales-bio.jpeg","contentUrl":"https:\/\/alfanautica.es\/wp-content\/uploads\/2023\/07\/alfanautica-redes-sociales-bio.jpeg","width":500,"height":500,"caption":"Alfa N\u00e1utica - Escuela N\u00e1utica Valencia"},"image":{"@id":"https:\/\/alfanautica.es\/#\/schema\/logo\/image\/"},"sameAs":["https:\/\/www.facebook.com\/alfanautica.es","https:\/\/www.instagram.com\/alfanautica.oficial\/","https:\/\/www.tiktok.com\/@alfanauticavalencia"]}]}},"_links":{"self":[{"href":"https:\/\/alfanautica.es\/en\/wp-json\/wp\/v2\/pages\/14716","targetHints":{"allow":["GET"]}}],"collection":[{"href":"https:\/\/alfanautica.es\/en\/wp-json\/wp\/v2\/pages"}],"about":[{"href":"https:\/\/alfanautica.es\/en\/wp-json\/wp\/v2\/types\/page"}],"author":[{"embeddable":true,"href":"https:\/\/alfanautica.es\/en\/wp-json\/wp\/v2\/users\/81"}],"replies":[{"embeddable":true,"href":"https:\/\/alfanautica.es\/en\/wp-json\/wp\/v2\/comments?post=14716"}],"version-history":[{"count":0,"href":"https:\/\/alfanautica.es\/en\/wp-json\/wp\/v2\/pages\/14716\/revisions"}],"wp:attachment":[{"href":"https:\/\/alfanautica.es\/en\/wp-json\/wp\/v2\/media?parent=14716"}],"curies":[{"name":"wp","href":"https:\/\/api.w.org\/{rel}","templated":true}]}}